{"id":2,"date":"2021-04-05T09:28:36","date_gmt":"2021-04-05T09:28:36","guid":{"rendered":"https:\/\/espaciocedam.es\/femmes\/?page_id=2"},"modified":"2023-01-08T19:14:32","modified_gmt":"2023-01-08T19:14:32","slug":"sobre","status":"publish","type":"page","link":"https:\/\/espaciocedam.es\/femmes\/sobre\/","title":{"rendered":"Sobre el espect\u00e1culo"},"content":{"rendered":"\n<p class=\"has-black-color has-text-color\"><strong><em>Femmes<\/em><\/strong> es un espect\u00e1culo de danza-teatro sobre la realidad del universo femenino. Repasa distintos estados emocionales, contradicciones y roles sociales adjudicados a la mujer desde una est\u00e9tica contempor\u00e1nea y un vocabulario fresco y cercano.<\/p>\n\n\n\n<p class=\"has-black-color has-text-color\">A trav\u00e9s de la danza, la m\u00fasica y la palabra, \u00abFemmes\u00bb juega con simbolog\u00edas e ideas preconcebidas y asociadas a la mujer: tacones, est\u00e9tica, pureza, maternidad\u2026 etc, como realidades sociales impuestas en el subconsciente colectivo, para plantear al p\u00fablico una reflexi\u00f3n sobre la autenticidad o no de las mismas.<\/p>\n\n\n\n<figure class=\"wp-block-embed is-type-video is-provider-youtube wp-block-embed-youtube wp-embed-aspect-16-9 wp-has-aspect-ratio\"><div class=\"wp-block-embed__wrapper\">\n<div class=\"jetpack-video-wrapper\"><iframe loading=\"lazy\" title=\"Teaser \u201cFemmes\u201d Compa\u00f1\u00eda Mar\u00eda Lama\" width=\"1140\" height=\"641\" src=\"https:\/\/www.youtube.com\/embed\/YVT-9MDEHh4?feature=oembed\" frameborder=\"0\" allow=\"accelerometer; autoplay; clipboard-write; encrypted-media; gyroscope; picture-in-picture; web-share\" allowfullscreen><\/iframe><\/div>\n<\/div><\/figure>\n\n\n\n<p class=\"has-black-color has-text-color\"><strong><em>Femmes<\/em><\/strong> es una oportunidad para investigar en diferentes lenguajes de la danza moderna y contempor\u00e1nea, as\u00ed como de la danza-teatro, ya que en ella se mezclan de forma natural diferentes estilos y lenguajes de movimiento, haciendo que llegue al espectador de una manera cercana, fresca, actual, y tambi\u00e9n po\u00e9tica y emocionante.<\/p>\n\n\n<div class=\"wp-block-image is-style-default\">\n<figure class=\"alignright size-large is-resized\"><img loading=\"lazy\" decoding=\"async\" src=\"https:\/\/espaciocedam.es\/femmes\/wp-content\/uploads\/sites\/2\/2023\/01\/femmes-maria-lama-02-711x1024.jpg\" alt=\"\" class=\"wp-image-193\" width=\"240\" height=\"345\" srcset=\"https:\/\/espaciocedam.es\/femmes\/wp-content\/uploads\/sites\/2\/2023\/01\/femmes-maria-lama-02-711x1024.jpg 711w, https:\/\/espaciocedam.es\/femmes\/wp-content\/uploads\/sites\/2\/2023\/01\/femmes-maria-lama-02-208x300.jpg 208w, https:\/\/espaciocedam.es\/femmes\/wp-content\/uploads\/sites\/2\/2023\/01\/femmes-maria-lama-02-768x1106.jpg 768w, https:\/\/espaciocedam.es\/femmes\/wp-content\/uploads\/sites\/2\/2023\/01\/femmes-maria-lama-02-1066x1536.jpg 1066w, https:\/\/espaciocedam.es\/femmes\/wp-content\/uploads\/sites\/2\/2023\/01\/femmes-maria-lama-02-81x116.jpg 81w, https:\/\/espaciocedam.es\/femmes\/wp-content\/uploads\/sites\/2\/2023\/01\/femmes-maria-lama-02.jpg 1080w\" sizes=\"auto, (max-width: 240px) 100vw, 240px\" \/><\/figure><\/div>\n\n\n<p class=\"has-black-color has-text-color\"><strong><em>Femmes&nbsp;<\/em><\/strong>a\u00fana a infinitos tipos de mujeres: la obra se desarrolla desde el enfoque inicial de lo que significaba ser mujer al finales del siglo XIX y principios del siglo XX , una mujer presa de su propia existencia y circunstancia, siempre sujeta y sometida a la voluntad masculina, donde las apariencias significaban casi todo; desde ah\u00ed se inicia un viaje hasta la b\u00fasqueda del alma verdadera y libre de la mujer, pasando por diferentes escenarios y estados emocionales que representan realidades presentes a\u00fan hoy dia en el universo femenino, tanto en lo social, como en lo emocional, y tambi\u00e9n en la mentalidad colectiva. Se plantean temas como la violencia de g\u00e9nero y la cosificaci\u00f3n de la mujer como grandes problemas de la sociedad actual.<\/p>\n\n\n\n<figure class=\"wp-block-image size-large is-style-default\"><img loading=\"lazy\" decoding=\"async\" width=\"1024\" height=\"756\" src=\"https:\/\/espaciocedam.es\/femmes\/wp-content\/uploads\/sites\/2\/2023\/01\/femmes-maria-lama-03-1024x756.jpg\" alt=\"\" class=\"wp-image-195\" title=\"Sobre Femmes\" srcset=\"https:\/\/espaciocedam.es\/femmes\/wp-content\/uploads\/sites\/2\/2023\/01\/femmes-maria-lama-03-1024x756.jpg 1024w, https:\/\/espaciocedam.es\/femmes\/wp-content\/uploads\/sites\/2\/2023\/01\/femmes-maria-lama-03-300x221.jpg 300w, https:\/\/espaciocedam.es\/femmes\/wp-content\/uploads\/sites\/2\/2023\/01\/femmes-maria-lama-03-768x567.jpg 768w, https:\/\/espaciocedam.es\/femmes\/wp-content\/uploads\/sites\/2\/2023\/01\/femmes-maria-lama-03-1536x1134.jpg 1536w, https:\/\/espaciocedam.es\/femmes\/wp-content\/uploads\/sites\/2\/2023\/01\/femmes-maria-lama-03-157x116.jpg 157w, https:\/\/espaciocedam.es\/femmes\/wp-content\/uploads\/sites\/2\/2023\/01\/femmes-maria-lama-03.jpg 1920w\" sizes=\"auto, (max-width: 1024px) 100vw, 1024px\" \/><\/figure>\n\n\n\n<p class=\"has-black-color has-text-color\"><strong><em>Femmes&nbsp;<\/em><\/strong>es una obra po\u00e9tica, y a la vez rotunda y emocionante, que transmite un mensaje muy claro y entendible para todos los p\u00fablicos:&nbsp; la visibilizaci\u00f3n de la figura de la mujer, no s\u00f3lo como g\u00e9nero social, sino como personaje humano y real, llevando al espectador a trav\u00e9s de un viaje que va desde lo&nbsp;<em>\u201cexterno a lo interno\u201d<\/em>.<\/p>\n\n\n\n<p class=\"has-black-color has-text-color\"><strong><em>Femmes&nbsp;<\/em><\/strong>pretende introducirnos en un universo de almas femeninas fuertes y luchadoras, que tambi\u00e9n buscan transformar su propia individualidad en la unidad de una sociedad igualitaria.<\/p>\n\n\n\n<h3 class=\"wp-block-heading\">Galer\u00eda de Im\u00e1genes del Espect\u00e1culo<\/h3>\n\n\n\n<figure class=\"wp-block-gallery has-nested-images columns-default is-cropped wp-block-gallery-1 is-layout-flex wp-block-gallery-is-layout-flex\">\n<figure class=\"wp-block-image size-large\"><a href=\"https:\/\/espaciocedam.es\/femmes\/wp-content\/uploads\/sites\/2\/2021\/07\/Femmes15-1.jpg\"><img loading=\"lazy\" decoding=\"async\" width=\"1024\" height=\"683\" data-id=\"159\" src=\"https:\/\/espaciocedam.es\/femmes\/wp-content\/uploads\/sites\/2\/2021\/07\/Femmes15-1-1024x683.jpg\" alt=\"\" class=\"wp-image-159\" srcset=\"https:\/\/espaciocedam.es\/femmes\/wp-content\/uploads\/sites\/2\/2021\/07\/Femmes15-1-1024x683.jpg 1024w, https:\/\/espaciocedam.es\/femmes\/wp-content\/uploads\/sites\/2\/2021\/07\/Femmes15-1-300x200.jpg 300w, https:\/\/espaciocedam.es\/femmes\/wp-content\/uploads\/sites\/2\/2021\/07\/Femmes15-1-768x512.jpg 768w, https:\/\/espaciocedam.es\/femmes\/wp-content\/uploads\/sites\/2\/2021\/07\/Femmes15-1-1536x1024.jpg 1536w, https:\/\/espaciocedam.es\/femmes\/wp-content\/uploads\/sites\/2\/2021\/07\/Femmes15-1-174x116.jpg 174w, https:\/\/espaciocedam.es\/femmes\/wp-content\/uploads\/sites\/2\/2021\/07\/Femmes15-1.jpg 2048w\" sizes=\"auto, (max-width: 1024px) 100vw, 1024px\" \/><\/a><\/figure>\n\n\n\n<figure class=\"wp-block-image size-large\"><a href=\"https:\/\/espaciocedam.es\/femmes\/wp-content\/uploads\/sites\/2\/2021\/07\/Femmes13-1.jpg\"><img loading=\"lazy\" decoding=\"async\" width=\"1024\" height=\"683\" data-id=\"160\" src=\"https:\/\/espaciocedam.es\/femmes\/wp-content\/uploads\/sites\/2\/2021\/07\/Femmes13-1-1024x683.jpg\" alt=\"\" class=\"wp-image-160\" srcset=\"https:\/\/espaciocedam.es\/femmes\/wp-content\/uploads\/sites\/2\/2021\/07\/Femmes13-1-1024x683.jpg 1024w, https:\/\/espaciocedam.es\/femmes\/wp-content\/uploads\/sites\/2\/2021\/07\/Femmes13-1-300x200.jpg 300w, https:\/\/espaciocedam.es\/femmes\/wp-content\/uploads\/sites\/2\/2021\/07\/Femmes13-1-768x512.jpg 768w, https:\/\/espaciocedam.es\/femmes\/wp-content\/uploads\/sites\/2\/2021\/07\/Femmes13-1-1536x1024.jpg 1536w, https:\/\/espaciocedam.es\/femmes\/wp-content\/uploads\/sites\/2\/2021\/07\/Femmes13-1-174x116.jpg 174w, https:\/\/espaciocedam.es\/femmes\/wp-content\/uploads\/sites\/2\/2021\/07\/Femmes13-1.jpg 2048w\" sizes=\"auto, (max-width: 1024px) 100vw, 1024px\" \/><\/a><\/figure>\n\n\n\n<figure class=\"wp-block-image size-large\"><a href=\"https:\/\/espaciocedam.es\/femmes\/wp-content\/uploads\/sites\/2\/2021\/07\/Femmes12-1.jpg\"><img loading=\"lazy\" decoding=\"async\" width=\"1024\" height=\"683\" data-id=\"161\" src=\"https:\/\/espaciocedam.es\/femmes\/wp-content\/uploads\/sites\/2\/2021\/07\/Femmes12-1-1024x683.jpg\" alt=\"\" class=\"wp-image-161\" srcset=\"https:\/\/espaciocedam.es\/femmes\/wp-content\/uploads\/sites\/2\/2021\/07\/Femmes12-1-1024x683.jpg 1024w, https:\/\/espaciocedam.es\/femmes\/wp-content\/uploads\/sites\/2\/2021\/07\/Femmes12-1-300x200.jpg 300w, https:\/\/espaciocedam.es\/femmes\/wp-content\/uploads\/sites\/2\/2021\/07\/Femmes12-1-768x512.jpg 768w, https:\/\/espaciocedam.es\/femmes\/wp-content\/uploads\/sites\/2\/2021\/07\/Femmes12-1-1536x1024.jpg 1536w, https:\/\/espaciocedam.es\/femmes\/wp-content\/uploads\/sites\/2\/2021\/07\/Femmes12-1-174x116.jpg 174w, https:\/\/espaciocedam.es\/femmes\/wp-content\/uploads\/sites\/2\/2021\/07\/Femmes12-1.jpg 2048w\" sizes=\"auto, (max-width: 1024px) 100vw, 1024px\" \/><\/a><\/figure>\n\n\n\n<figure class=\"wp-block-image size-large\"><a href=\"https:\/\/espaciocedam.es\/femmes\/wp-content\/uploads\/sites\/2\/2021\/07\/Femmes6-1.jpg\"><img loading=\"lazy\" decoding=\"async\" width=\"1024\" height=\"683\" data-id=\"162\" src=\"https:\/\/espaciocedam.es\/femmes\/wp-content\/uploads\/sites\/2\/2021\/07\/Femmes6-1-1024x683.jpg\" alt=\"\" class=\"wp-image-162\" srcset=\"https:\/\/espaciocedam.es\/femmes\/wp-content\/uploads\/sites\/2\/2021\/07\/Femmes6-1-1024x683.jpg 1024w, https:\/\/espaciocedam.es\/femmes\/wp-content\/uploads\/sites\/2\/2021\/07\/Femmes6-1-300x200.jpg 300w, https:\/\/espaciocedam.es\/femmes\/wp-content\/uploads\/sites\/2\/2021\/07\/Femmes6-1-768x512.jpg 768w, https:\/\/espaciocedam.es\/femmes\/wp-content\/uploads\/sites\/2\/2021\/07\/Femmes6-1-1536x1024.jpg 1536w, https:\/\/espaciocedam.es\/femmes\/wp-content\/uploads\/sites\/2\/2021\/07\/Femmes6-1-174x116.jpg 174w, https:\/\/espaciocedam.es\/femmes\/wp-content\/uploads\/sites\/2\/2021\/07\/Femmes6-1.jpg 2048w\" sizes=\"auto, (max-width: 1024px) 100vw, 1024px\" \/><\/a><\/figure>\n\n\n\n<figure class=\"wp-block-image size-large\"><a href=\"https:\/\/espaciocedam.es\/femmes\/wp-content\/uploads\/sites\/2\/2021\/07\/Femmes7-1.jpg\"><img loading=\"lazy\" decoding=\"async\" width=\"1024\" height=\"683\" data-id=\"163\" src=\"https:\/\/espaciocedam.es\/femmes\/wp-content\/uploads\/sites\/2\/2021\/07\/Femmes7-1-1024x683.jpg\" alt=\"\" class=\"wp-image-163\" srcset=\"https:\/\/espaciocedam.es\/femmes\/wp-content\/uploads\/sites\/2\/2021\/07\/Femmes7-1-1024x683.jpg 1024w, https:\/\/espaciocedam.es\/femmes\/wp-content\/uploads\/sites\/2\/2021\/07\/Femmes7-1-300x200.jpg 300w, https:\/\/espaciocedam.es\/femmes\/wp-content\/uploads\/sites\/2\/2021\/07\/Femmes7-1-768x512.jpg 768w, https:\/\/espaciocedam.es\/femmes\/wp-content\/uploads\/sites\/2\/2021\/07\/Femmes7-1-1536x1024.jpg 1536w, https:\/\/espaciocedam.es\/femmes\/wp-content\/uploads\/sites\/2\/2021\/07\/Femmes7-1-174x116.jpg 174w, https:\/\/espaciocedam.es\/femmes\/wp-content\/uploads\/sites\/2\/2021\/07\/Femmes7-1.jpg 2048w\" sizes=\"auto, (max-width: 1024px) 100vw, 1024px\" \/><\/a><\/figure>\n\n\n\n<figure class=\"wp-block-image size-large\"><a href=\"https:\/\/espaciocedam.es\/femmes\/wp-content\/uploads\/sites\/2\/2021\/07\/Femmes8-1.jpg\"><img loading=\"lazy\" decoding=\"async\" width=\"1024\" height=\"683\" data-id=\"164\" src=\"https:\/\/espaciocedam.es\/femmes\/wp-content\/uploads\/sites\/2\/2021\/07\/Femmes8-1-1024x683.jpg\" alt=\"\" class=\"wp-image-164\" srcset=\"https:\/\/espaciocedam.es\/femmes\/wp-content\/uploads\/sites\/2\/2021\/07\/Femmes8-1-1024x683.jpg 1024w, https:\/\/espaciocedam.es\/femmes\/wp-content\/uploads\/sites\/2\/2021\/07\/Femmes8-1-300x200.jpg 300w, https:\/\/espaciocedam.es\/femmes\/wp-content\/uploads\/sites\/2\/2021\/07\/Femmes8-1-768x512.jpg 768w, https:\/\/espaciocedam.es\/femmes\/wp-content\/uploads\/sites\/2\/2021\/07\/Femmes8-1-1536x1024.jpg 1536w, https:\/\/espaciocedam.es\/femmes\/wp-content\/uploads\/sites\/2\/2021\/07\/Femmes8-1-174x116.jpg 174w, https:\/\/espaciocedam.es\/femmes\/wp-content\/uploads\/sites\/2\/2021\/07\/Femmes8-1.jpg 2048w\" sizes=\"auto, (max-width: 1024px) 100vw, 1024px\" \/><\/a><\/figure>\n\n\n\n<figure class=\"wp-block-image size-large\"><a href=\"https:\/\/espaciocedam.es\/femmes\/wp-content\/uploads\/sites\/2\/2021\/07\/Femmes10-1.jpg\"><img loading=\"lazy\" decoding=\"async\" width=\"1024\" height=\"683\" data-id=\"165\" src=\"https:\/\/espaciocedam.es\/femmes\/wp-content\/uploads\/sites\/2\/2021\/07\/Femmes10-1-1024x683.jpg\" alt=\"\" class=\"wp-image-165\" srcset=\"https:\/\/espaciocedam.es\/femmes\/wp-content\/uploads\/sites\/2\/2021\/07\/Femmes10-1-1024x683.jpg 1024w, https:\/\/espaciocedam.es\/femmes\/wp-content\/uploads\/sites\/2\/2021\/07\/Femmes10-1-300x200.jpg 300w, https:\/\/espaciocedam.es\/femmes\/wp-content\/uploads\/sites\/2\/2021\/07\/Femmes10-1-768x512.jpg 768w, https:\/\/espaciocedam.es\/femmes\/wp-content\/uploads\/sites\/2\/2021\/07\/Femmes10-1-1536x1024.jpg 1536w, https:\/\/espaciocedam.es\/femmes\/wp-content\/uploads\/sites\/2\/2021\/07\/Femmes10-1-174x116.jpg 174w, https:\/\/espaciocedam.es\/femmes\/wp-content\/uploads\/sites\/2\/2021\/07\/Femmes10-1.jpg 2048w\" sizes=\"auto, (max-width: 1024px) 100vw, 1024px\" \/><\/a><\/figure>\n\n\n\n<figure class=\"wp-block-image size-large\"><a href=\"https:\/\/espaciocedam.es\/femmes\/wp-content\/uploads\/sites\/2\/2021\/07\/Femmes11-1.jpg\"><img loading=\"lazy\" decoding=\"async\" width=\"1024\" height=\"683\" data-id=\"166\" src=\"https:\/\/espaciocedam.es\/femmes\/wp-content\/uploads\/sites\/2\/2021\/07\/Femmes11-1-1024x683.jpg\" alt=\"\" class=\"wp-image-166\" srcset=\"https:\/\/espaciocedam.es\/femmes\/wp-content\/uploads\/sites\/2\/2021\/07\/Femmes11-1-1024x683.jpg 1024w, https:\/\/espaciocedam.es\/femmes\/wp-content\/uploads\/sites\/2\/2021\/07\/Femmes11-1-300x200.jpg 300w, https:\/\/espaciocedam.es\/femmes\/wp-content\/uploads\/sites\/2\/2021\/07\/Femmes11-1-768x512.jpg 768w, https:\/\/espaciocedam.es\/femmes\/wp-content\/uploads\/sites\/2\/2021\/07\/Femmes11-1-1536x1024.jpg 1536w, https:\/\/espaciocedam.es\/femmes\/wp-content\/uploads\/sites\/2\/2021\/07\/Femmes11-1-174x116.jpg 174w, https:\/\/espaciocedam.es\/femmes\/wp-content\/uploads\/sites\/2\/2021\/07\/Femmes11-1.jpg 2048w\" sizes=\"auto, (max-width: 1024px) 100vw, 1024px\" \/><\/a><\/figure>\n\n\n\n<figure class=\"wp-block-image size-large\"><a href=\"https:\/\/espaciocedam.es\/femmes\/wp-content\/uploads\/sites\/2\/2021\/07\/Femmes4-1.jpg\"><img loading=\"lazy\" decoding=\"async\" width=\"1024\" height=\"683\" data-id=\"167\" src=\"https:\/\/espaciocedam.es\/femmes\/wp-content\/uploads\/sites\/2\/2021\/07\/Femmes4-1-1024x683.jpg\" alt=\"\" class=\"wp-image-167\" srcset=\"https:\/\/espaciocedam.es\/femmes\/wp-content\/uploads\/sites\/2\/2021\/07\/Femmes4-1-1024x683.jpg 1024w, https:\/\/espaciocedam.es\/femmes\/wp-content\/uploads\/sites\/2\/2021\/07\/Femmes4-1-300x200.jpg 300w, https:\/\/espaciocedam.es\/femmes\/wp-content\/uploads\/sites\/2\/2021\/07\/Femmes4-1-768x512.jpg 768w, https:\/\/espaciocedam.es\/femmes\/wp-content\/uploads\/sites\/2\/2021\/07\/Femmes4-1-1536x1024.jpg 1536w, https:\/\/espaciocedam.es\/femmes\/wp-content\/uploads\/sites\/2\/2021\/07\/Femmes4-1-174x116.jpg 174w, https:\/\/espaciocedam.es\/femmes\/wp-content\/uploads\/sites\/2\/2021\/07\/Femmes4-1.jpg 2048w\" sizes=\"auto, (max-width: 1024px) 100vw, 1024px\" \/><\/a><\/figure>\n\n\n\n<figure class=\"wp-block-image size-large\"><a href=\"https:\/\/espaciocedam.es\/femmes\/wp-content\/uploads\/sites\/2\/2023\/01\/femmes-maria-lama-04.jpg\"><img loading=\"lazy\" decoding=\"async\" width=\"1024\" height=\"825\" data-id=\"196\" src=\"https:\/\/espaciocedam.es\/femmes\/wp-content\/uploads\/sites\/2\/2023\/01\/femmes-maria-lama-04-1024x825.jpg\" alt=\"\" class=\"wp-image-196\" srcset=\"https:\/\/espaciocedam.es\/femmes\/wp-content\/uploads\/sites\/2\/2023\/01\/femmes-maria-lama-04-1024x825.jpg 1024w, https:\/\/espaciocedam.es\/femmes\/wp-content\/uploads\/sites\/2\/2023\/01\/femmes-maria-lama-04-300x242.jpg 300w, https:\/\/espaciocedam.es\/femmes\/wp-content\/uploads\/sites\/2\/2023\/01\/femmes-maria-lama-04-768x618.jpg 768w, https:\/\/espaciocedam.es\/femmes\/wp-content\/uploads\/sites\/2\/2023\/01\/femmes-maria-lama-04-1536x1237.jpg 1536w, https:\/\/espaciocedam.es\/femmes\/wp-content\/uploads\/sites\/2\/2023\/01\/femmes-maria-lama-04-144x116.jpg 144w, https:\/\/espaciocedam.es\/femmes\/wp-content\/uploads\/sites\/2\/2023\/01\/femmes-maria-lama-04.jpg 1920w\" sizes=\"auto, (max-width: 1024px) 100vw, 1024px\" \/><\/a><\/figure>\n<\/figure>\n","protected":false},"excerpt":{"rendered":"<p>Femmes es un espect\u00e1culo de danza-teatro sobre la realidad del universo femenino. Repasa distintos estados emocionales, contradicciones y roles sociales &hellip; <a href=\"https:\/\/espaciocedam.es\/femmes\/sobre\/\" class=\"more-link\">Sigue leyendo <span class=\"screen-reader-text\">Sobre el espect\u00e1culo<\/span><\/a><\/p>\n","protected":false},"author":1,"featured_media":16,"parent":0,"menu_order":0,"comment_status":"closed","ping_status":"closed","template":"page-templates\/no-sidebar.php","meta":{"footnotes":""},"class_list":["post-2","page","type-page","status-publish","has-post-thumbnail","hentry"],"jetpack_sharing_enabled":true,"_links":{"self":[{"href":"https:\/\/espaciocedam.es\/femmes\/wp-json\/wp\/v2\/pages\/2","targetHints":{"allow":["GET"]}}],"collection":[{"href":"https:\/\/espaciocedam.es\/femmes\/wp-json\/wp\/v2\/pages"}],"about":[{"href":"https:\/\/espaciocedam.es\/femmes\/wp-json\/wp\/v2\/types\/page"}],"author":[{"embeddable":true,"href":"https:\/\/espaciocedam.es\/femmes\/wp-json\/wp\/v2\/users\/1"}],"replies":[{"embeddable":true,"href":"https:\/\/espaciocedam.es\/femmes\/wp-json\/wp\/v2\/comments?post=2"}],"version-history":[{"count":21,"href":"https:\/\/espaciocedam.es\/femmes\/wp-json\/wp\/v2\/pages\/2\/revisions"}],"predecessor-version":[{"id":197,"href":"https:\/\/espaciocedam.es\/femmes\/wp-json\/wp\/v2\/pages\/2\/revisions\/197"}],"wp:featuredmedia":[{"embeddable":true,"href":"https:\/\/espaciocedam.es\/femmes\/wp-json\/wp\/v2\/media\/16"}],"wp:attachment":[{"href":"https:\/\/espaciocedam.es\/femmes\/wp-json\/wp\/v2\/media?parent=2"}],"curies":[{"name":"wp","href":"https:\/\/api.w.org\/{rel}","templated":true}]}}